{"id":22,"date":"2017-02-25T10:47:07","date_gmt":"2017-02-25T09:47:07","guid":{"rendered":"https:\/\/visavis.paris\/?page_id=22"},"modified":"2017-12-01T11:40:54","modified_gmt":"2017-12-01T10:40:54","slug":"qui-sommes-nous","status":"publish","type":"page","link":"https:\/\/visavis.paris\/en\/qui-sommes-nous\/","title":{"rendered":"Who are we ?"},"content":{"rendered":"<h1><strong>Who are we ?<\/strong><\/h1>\n<p>&nbsp;<\/p>\n<h2><strong>Our location<\/strong><\/h2>\n<p>VISAVIS is located in the heart of the Parc de l'\u00c9v\u00e9nement, a business park dedicated to the event industry, 15 km from the Porte d'Orl\u00e9ans<\/p>\n<p>&nbsp;<\/p>\n<p><strong>Paris Sud headquarters:<\/strong><br \/>\n <a href=\"https:\/\/www.google.es\/maps\/place\/1+All%C3%A9e+d'Effiat,+91160+Longjumeau,+France\/@48.6975209,2.2862555,17z\/data=!3m1!4b1!4m5!3m4!1s0x47e677dfd5f67955:0x94f270386d820d9b!8m2!3d48.6975174!4d2.2884442\" target=\"_blank\" rel=\"noopener\">1 all\u00e9e d\u2019Effiat &#8211; Le Parc de l\u2019\u00e9v\u00e9nement &#8211; B\u00e2t D<br \/>\n 91160 Longjumeau &#8211; FRANCE<\/a><\/p>\n<p>&nbsp;<\/p>\n<p><strong>Paris Nord agency :<br \/>\n <\/strong><a href=\"https:\/\/www.google.es\/maps\/place\/61+Rue+du+Landy,+93300+Aubervilliers,+France\/@48.9147862,2.3677169,17z\/data=!3m1!4b1!4m5!3m4!1s0x47e66e97f6c30321:0x556bc4f9e55eff39!8m2!3d48.9147827!4d2.3699056\" target=\"_blank\" rel=\"noopener\">61 rue du Landy &#8211; Parc du Landy &#8211; B\u00e2t A4<br \/>\n 93300 Aubervilliers- FRANCE<\/a><\/p>\n<p>&nbsp;<\/p>\n<a class=\"sf-button standard accent sf-icon  sf-button-has-icon\" href=\"https:\/\/visavis.paris\/en\/contact\/\" target=\"_self\" rel=\"\"><span class=\"text\">Contact us<\/span><i class=\"fa-phone\"><\/i><\/a>","protected":false},"excerpt":{"rendered":"<p>Qui sommes-nous ? &nbsp; Notre Implantation VISAVIS est implant\u00e9 au c\u0153ur du Parc de l\u2019\u00c9v\u00e9nement, p\u00f4le d\u2019activit\u00e9s d\u00e9di\u00e9 aux m\u00e9tiers de l\u2019\u00e9v\u00e9nementiel, \u00e0 15 km de la Porte d\u2019Orl\u00e9ans &nbsp; Si\u00e8ge Paris Sud : 1 all\u00e9e d\u2019Effiat &#8211; Le Parc de l\u2019\u00e9v\u00e9nement &#8211; B\u00e2t D 91160 Longjumeau &#8211; FRANCE &nbsp; Agence Paris Nord : 61 rue du Landy &#8211; Parcaupale<\/p>","protected":false},"author":1,"featured_media":0,"parent":0,"menu_order":0,"comment_status":"closed","ping_status":"closed","template":"","meta":{"_acf_changed":false,"footnotes":""},"class_list":["post-22","page","type-page","status-publish","hentry"],"acf":[],"_links":{"self":[{"href":"https:\/\/visavis.paris\/en\/wp-json\/wp\/v2\/pages\/22","targetHints":{"allow":["GET"]}}],"collection":[{"href":"https:\/\/visavis.paris\/en\/wp-json\/wp\/v2\/pages"}],"about":[{"href":"https:\/\/visavis.paris\/en\/wp-json\/wp\/v2\/types\/page"}],"author":[{"embeddable":true,"href":"https:\/\/visavis.paris\/en\/wp-json\/wp\/v2\/users\/1"}],"replies":[{"embeddable":true,"href":"https:\/\/visavis.paris\/en\/wp-json\/wp\/v2\/comments?post=22"}],"version-history":[{"count":11,"href":"https:\/\/visavis.paris\/en\/wp-json\/wp\/v2\/pages\/22\/revisions"}],"predecessor-version":[{"id":5089,"href":"https:\/\/visavis.paris\/en\/wp-json\/wp\/v2\/pages\/22\/revisions\/5089"}],"wp:attachment":[{"href":"https:\/\/visavis.paris\/en\/wp-json\/wp\/v2\/media?parent=22"}],"curies":[{"name":"wp","href":"https:\/\/api.w.org\/{rel}","templated":true}]}}